{"id":189,"date":"2022-03-17T15:35:25","date_gmt":"2022-03-17T14:35:25","guid":{"rendered":"http:\/\/vintech.eu\/?page_id=189"},"modified":"2022-03-17T17:14:06","modified_gmt":"2022-03-17T16:14:06","slug":"diagnostic","status":"publish","type":"page","link":"https:\/\/vintech.eu\/index.php\/diagnostic\/","title":{"rendered":"Diagnostic thermique, \u00e9nerg\u00e9tique et techniques tous corps d\u2019\u00e9tat"},"content":{"rendered":"<p>[et_pb_section fb_built=\u00a0\u00bb1&Prime; admin_label=\u00a0\u00bbHeader\u00a0\u00bb _builder_version=\u00a0\u00bb4.14.2&Prime; _module_preset=\u00a0\u00bbdefault\u00a0\u00bb use_background_color_gradient=\u00a0\u00bbon\u00a0\u00bb background_color_gradient_start=\u00a0\u00bb#ffffff\u00a0\u00bb background_color_gradient_end=\u00a0\u00bb#4c594c\u00a0\u00bb background_color_gradient_direction=\u00a0\u00bb90deg\u00a0\u00bb background_color_gradient_start_position=\u00a0\u00bb60%\u00a0\u00bb background_color_gradient_end_position=\u00a0\u00bb60%\u00a0\u00bb background_last_edited=\u00a0\u00bbon|tablet\u00a0\u00bb background_color_gradient_start_position_tablet=\u00a0\u00bb95%\u00a0\u00bb background_color_gradient_end_position_tablet=\u00a0\u00bb95%\u00a0\u00bb global_colors_info=\u00a0\u00bb{}\u00a0\u00bb][et_pb_row column_structure=\u00a0\u00bb1_2,1_2&Prime; _builder_version=\u00a0\u00bb4.14.2&Prime; _module_preset=\u00a0\u00bbdefault\u00a0\u00bb custom_padding=\u00a0\u00bb||0px|||\u00a0\u00bb global_colors_info=\u00a0\u00bb{}\u00a0\u00bb][et_pb_column type=\u00a0\u00bb1_2&Prime; _builder_version=\u00a0\u00bb4.14.2&Prime; _module_preset=\u00a0\u00bbdefault\u00a0\u00bb global_colors_info=\u00a0\u00bb{}\u00a0\u00bb][et_pb_text _builder_version=\u00a0\u00bb4.14.2&Prime; _module_preset=\u00a0\u00bbe598b17a-9229-42f6-b238-019d6094332e\u00a0\u00bb header_font=\u00a0\u00bbOutfit|600|||||||\u00a0\u00bb header_text_color=\u00a0\u00bb#000000&Prime; header_font_size=\u00a0\u00bb72px\u00a0\u00bb header_line_height=\u00a0\u00bb1.1em\u00a0\u00bb custom_margin=\u00a0\u00bb|-116px|0px||false|false\u00a0\u00bb header_font_size_tablet=\u00a0\u00bb40px\u00a0\u00bb header_font_size_phone=\u00a0\u00bb24px\u00a0\u00bb header_font_size_last_edited=\u00a0\u00bbon|phone\u00a0\u00bb locked=\u00a0\u00bboff\u00a0\u00bb global_colors_info=\u00a0\u00bb{}\u00a0\u00bb]<\/p>\n<h1>Diagnostic thermique, \u00e9nerg\u00e9tique et techniques tous corps d&rsquo;\u00e9tat<\/h1>\n<p>[\/et_pb_text][et_pb_divider color=\u00a0\u00bbrgba(76,89,76,0.3)\u00a0\u00bb divider_weight=\u00a0\u00bb10px\u00a0\u00bb _builder_version=\u00a0\u00bb4.14.2&Prime; _module_preset=\u00a0\u00bba9fcc5b1-74c5-43b4-b776-3e310da5f3e8&Prime; z_index=\u00a0\u00bb10&Prime; max_width=\u00a0\u00bb260px\u00a0\u00bb height=\u00a0\u00bb10px\u00a0\u00bb custom_margin=\u00a0\u00bb-32px||30px||false|false\u00a0\u00bb custom_margin_tablet=\u00a0\u00bb-27px||||false|false\u00a0\u00bb custom_margin_phone=\u00a0\u00bb-18px||||false|false\u00a0\u00bb custom_margin_last_edited=\u00a0\u00bbon|phone\u00a0\u00bb global_colors_info=\u00a0\u00bb{}\u00a0\u00bb][\/et_pb_divider][\/et_pb_column][et_pb_column type=\u00a0\u00bb1_2&Prime; _builder_version=\u00a0\u00bb4.14.2&Prime; _module_preset=\u00a0\u00bbdefault\u00a0\u00bb global_colors_info=\u00a0\u00bb{}\u00a0\u00bb][\/et_pb_column][\/et_pb_row][et_pb_row column_structure=\u00a0\u00bb1_2,1_2&Prime; _builder_version=\u00a0\u00bb4.14.2&Prime; _module_preset=\u00a0\u00bbdefault\u00a0\u00bb custom_padding=\u00a0\u00bb0px|||||\u00a0\u00bb global_colors_info=\u00a0\u00bb{}\u00a0\u00bb][et_pb_column type=\u00a0\u00bb1_2&Prime; _builder_version=\u00a0\u00bb4.14.2&Prime; _module_preset=\u00a0\u00bbdefault\u00a0\u00bb global_colors_info=\u00a0\u00bb{}\u00a0\u00bb][et_pb_text _builder_version=\u00a0\u00bb4.14.9&Prime; _module_preset=\u00a0\u00bbbc6cae60-9fd0-48b3-a032-f2876734c2dd\u00a0\u00bb text_font=\u00a0\u00bb||||||||\u00a0\u00bb text_font_size=\u00a0\u00bb18px\u00a0\u00bb text_line_height=\u00a0\u00bb1.8em\u00a0\u00bb custom_padding=\u00a0\u00bb157px|||||\u00a0\u00bb text_font_size_tablet=\u00a0\u00bb16px\u00a0\u00bb text_font_size_phone=\u00a0\u00bb14px\u00a0\u00bb text_font_size_last_edited=\u00a0\u00bbon|phone\u00a0\u00bb locked=\u00a0\u00bboff\u00a0\u00bb global_colors_info=\u00a0\u00bb{}\u00a0\u00bb]<\/p>\n<p>&nbsp;<\/p>\n<p>Lors d\u2019un projet d\u2019installations ou de r\u00e9novations, nous intervenons pour r\u00e9aliser un diagnostic qui permettra \u00e0 la ma\u00eetrise d\u2019ouvrage d\u2019avoir une vision d\u2019ensemble des \u00e9l\u00e9ments sur la mise en \u0153uvre de travaux. Cela permet de s\u00e9curiser le projet et de vous orienter sur les choix les plus pertinents face \u00e0 vos besoins et \u00e0 vos budgets d\u2019exploitation et d\u2019entretien.<\/p>\n<p>&nbsp;<\/p>\n<p>Ce diagnostic porte sur le fonctionnement des installations techniques ou sur les usages de celles-ci (chauffage, climatisation, ventilation). Nous nous appuyons sur des outils et technologies sp\u00e9cifiques \u00e0 vos probl\u00e9matiques.<\/p>\n<p>[\/et_pb_text][\/et_pb_column][et_pb_column type=\u00a0\u00bb1_2&Prime; _builder_version=\u00a0\u00bb4.14.2&Prime; _module_preset=\u00a0\u00bbdefault\u00a0\u00bb global_colors_info=\u00a0\u00bb{}\u00a0\u00bb][et_pb_image src=\u00a0\u00bbhttps:\/\/vintech.eu\/wp-content\/uploads\/2022\/03\/IMG_8573.jpg\u00a0\u00bb title_text=\u00a0\u00bbIMG_8573&Prime; _builder_version=\u00a0\u00bb4.14.9&Prime; _module_preset=\u00a0\u00bbdefault\u00a0\u00bb box_shadow_style=\u00a0\u00bbpreset2&Prime; box_shadow_horizontal=\u00a0\u00bb0px\u00a0\u00bb box_shadow_vertical=\u00a0\u00bb60px\u00a0\u00bb box_shadow_blur=\u00a0\u00bb60px\u00a0\u00bb box_shadow_color=\u00a0\u00bbrgba(0,0,0,0.15)\u00a0\u00bb global_colors_info=\u00a0\u00bb{}\u00a0\u00bb][\/et_pb_image][\/et_pb_column][\/et_pb_row][\/et_pb_section][et_pb_section fb_built=\u00a0\u00bb1&Prime; admin_label=\u00a0\u00bbStats\u00a0\u00bb _builder_version=\u00a0\u00bb4.14.2&Prime; _module_preset=\u00a0\u00bbdefault\u00a0\u00bb custom_padding=\u00a0\u00bb11px|||||\u00a0\u00bb global_colors_info=\u00a0\u00bb{}\u00a0\u00bb][et_pb_row column_structure=\u00a0\u00bb2_3,1_3&Prime; _builder_version=\u00a0\u00bb4.14.2&Prime; _module_preset=\u00a0\u00bbdefault\u00a0\u00bb global_colors_info=\u00a0\u00bb{}\u00a0\u00bb][et_pb_column type=\u00a0\u00bb2_3&Prime; _builder_version=\u00a0\u00bb4.14.2&Prime; _module_preset=\u00a0\u00bbdefault\u00a0\u00bb global_colors_info=\u00a0\u00bb{}\u00a0\u00bb][et_pb_text _builder_version=\u00a0\u00bb4.14.9&Prime; _module_preset=\u00a0\u00bbbc6cae60-9fd0-48b3-a032-f2876734c2dd\u00a0\u00bb text_font=\u00a0\u00bb||||||||\u00a0\u00bb text_font_size=\u00a0\u00bb18px\u00a0\u00bb text_line_height=\u00a0\u00bb1.8em\u00a0\u00bb text_font_size_tablet=\u00a0\u00bb16px\u00a0\u00bb text_font_size_phone=\u00a0\u00bb14px\u00a0\u00bb text_font_size_last_edited=\u00a0\u00bbon|phone\u00a0\u00bb locked=\u00a0\u00bboff\u00a0\u00bb global_colors_info=\u00a0\u00bb{}\u00a0\u00bb]<\/p>\n<p><strong>Relev\u00e9<\/strong><\/p>\n<p>Dans un premier temps, nous r\u00e9unissons le maximum d\u2019informations existantes tels que les plans, croquis, sch\u00e9mas, \u00e9tudes d\u00e9j\u00e0 r\u00e9alis\u00e9es, devis. Nous faisons un relev\u00e9 sur site des diff\u00e9rentes installations concern\u00e9es par le diagnostic.<\/p>\n<p>&nbsp;<\/p>\n<p><strong>Analyse des donn\u00e9es<\/strong><\/p>\n<p>Une fois r\u00e9colt\u00e9es, les informations collect\u00e9es sont analys\u00e9es, tout comme les param\u00e8tres de fonctionnement des installations. Cette analyse peut n\u00e9cessiter plusieurs relev\u00e9s pour obtenir des donn\u00e9es plus pr\u00e9cises.<\/p>\n<p>&nbsp;<\/p>\n<p><strong>Choix techniques &amp; estimations financi\u00e8res<\/strong><\/p>\n<p>Par la suite, nous recherchons et comparons les solutions techniques qui s\u2019offrent \u00e0 vous pour vous proposer les meilleures alternatives en fonction de leurs co\u00fbts de travaux, les avantages et inconv\u00e9nients ainsi que sur leurs co\u00fbts de fonctionnement.<\/p>\n<p>Chaque sc\u00e9nario est estim\u00e9 pour vous permettre une projection optimale dans votre projet et vous offrir le plus grand choix possible selon vos besoins et selon les solutions ad\u00e9quates disponibles sur le march\u00e9.<\/p>\n<p>&nbsp;<\/p>\n<p><strong>Synth\u00e8se du projet<\/strong><\/p>\n<p>Enfin, nous vous remettons un rapport complet du diagnostic r\u00e9alis\u00e9 comportant toutes les annexes techniques et financi\u00e8res.<\/p>\n<p>Le diagnostic technique est une premi\u00e8re \u00e9tape. Nous vous accompagnons pour les phases ult\u00e9rieures de programmation, mise en \u0153uvre, ma\u00eetrise d\u2019\u0153uvre et suivi de performances.<\/p>\n<p>[\/et_pb_text][\/et_pb_column][et_pb_column type=\u00a0\u00bb1_3&Prime; _builder_version=\u00a0\u00bb4.14.2&Prime; _module_preset=\u00a0\u00bbdefault\u00a0\u00bb global_colors_info=\u00a0\u00bb{}\u00a0\u00bb][et_pb_blurb title=\u00a0\u00bbR\u00e9aliser un diagnostic complet\u00a0\u00bb use_icon=\u00a0\u00bbon\u00a0\u00bb font_icon=\u00a0\u00bb&#x4e;||divi||400&Prime; icon_color=\u00a0\u00bb#000000&Prime; icon_placement=\u00a0\u00bbleft\u00a0\u00bb image_icon_width=\u00a0\u00bb32px\u00a0\u00bb content_max_width=\u00a0\u00bb100%\u00a0\u00bb image_icon_width_tablet=\u00a0\u00bb32px\u00a0\u00bb image_icon_width_phone=\u00a0\u00bb32px\u00a0\u00bb image_icon_width_last_edited=\u00a0\u00bbon|desktop\u00a0\u00bb _builder_version=\u00a0\u00bb4.14.9&Prime; _module_preset=\u00a0\u00bbbbd70754-49fa-4988-ad64-9765b3b8d0fe\u00a0\u00bb header_font=\u00a0\u00bbOutfit|700|||||||\u00a0\u00bb header_text_color=\u00a0\u00bb#000000&Prime; header_line_height=\u00a0\u00bb1.8em\u00a0\u00bb custom_margin=\u00a0\u00bb||10px||false|false\u00a0\u00bb header_font_size_tablet=\u00a0\u00bb17px\u00a0\u00bb header_font_size_phone=\u00a0\u00bb16px\u00a0\u00bb header_font_size_last_edited=\u00a0\u00bbon|desktop\u00a0\u00bb global_colors_info=\u00a0\u00bb{}\u00a0\u00bb][\/et_pb_blurb][et_pb_blurb title=\u00a0\u00bbChoisir des techniques appropri\u00e9es\u00a0\u00bb use_icon=\u00a0\u00bbon\u00a0\u00bb font_icon=\u00a0\u00bb&#x4e;||divi||400&Prime; icon_color=\u00a0\u00bb#000000&Prime; icon_placement=\u00a0\u00bbleft\u00a0\u00bb image_icon_width=\u00a0\u00bb32px\u00a0\u00bb content_max_width=\u00a0\u00bb100%\u00a0\u00bb image_icon_width_tablet=\u00a0\u00bb32px\u00a0\u00bb image_icon_width_phone=\u00a0\u00bb32px\u00a0\u00bb image_icon_width_last_edited=\u00a0\u00bbon|desktop\u00a0\u00bb _builder_version=\u00a0\u00bb4.14.9&Prime; _module_preset=\u00a0\u00bbbbd70754-49fa-4988-ad64-9765b3b8d0fe\u00a0\u00bb header_font=\u00a0\u00bbOutfit|700|||||||\u00a0\u00bb header_text_color=\u00a0\u00bb#000000&Prime; header_line_height=\u00a0\u00bb1.8em\u00a0\u00bb custom_margin=\u00a0\u00bb||10px||false|false\u00a0\u00bb global_colors_info=\u00a0\u00bb{}\u00a0\u00bb][\/et_pb_blurb][et_pb_blurb title=\u00a0\u00bbSynth\u00e9tiser pour mieux entreprendre\u00a0\u00bb use_icon=\u00a0\u00bbon\u00a0\u00bb font_icon=\u00a0\u00bb&#x4e;||divi||400&Prime; icon_color=\u00a0\u00bb#000000&Prime; icon_placement=\u00a0\u00bbleft\u00a0\u00bb image_icon_width=\u00a0\u00bb32px\u00a0\u00bb content_max_width=\u00a0\u00bb100%\u00a0\u00bb image_icon_width_tablet=\u00a0\u00bb32px\u00a0\u00bb image_icon_width_phone=\u00a0\u00bb32px\u00a0\u00bb image_icon_width_last_edited=\u00a0\u00bbon|desktop\u00a0\u00bb _builder_version=\u00a0\u00bb4.14.9&Prime; _module_preset=\u00a0\u00bbbbd70754-49fa-4988-ad64-9765b3b8d0fe\u00a0\u00bb header_font=\u00a0\u00bbOutfit|700|||||||\u00a0\u00bb header_text_color=\u00a0\u00bb#000000&Prime; header_line_height=\u00a0\u00bb1.8em\u00a0\u00bb custom_margin=\u00a0\u00bb||10px||false|false\u00a0\u00bb global_colors_info=\u00a0\u00bb{}\u00a0\u00bb][\/et_pb_blurb][\/et_pb_column][\/et_pb_row][\/et_pb_section][et_pb_section fb_built=\u00a0\u00bb1&Prime; admin_label=\u00a0\u00bbCall to Action\u00a0\u00bb _builder_version=\u00a0\u00bb4.14.2&Prime; _module_preset=\u00a0\u00bbdefault\u00a0\u00bb custom_padding=\u00a0\u00bb0px||0px||false|false\u00a0\u00bb saved_tabs=\u00a0\u00bball\u00a0\u00bb locked=\u00a0\u00bboff\u00a0\u00bb global_colors_info=\u00a0\u00bb{}\u00a0\u00bb][et_pb_row custom_padding_last_edited=\u00a0\u00bbon|phone\u00a0\u00bb _builder_version=\u00a0\u00bb4.14.2&Prime; _module_preset=\u00a0\u00bbdefault\u00a0\u00bb background_color=\u00a0\u00bb#4C594C\u00a0\u00bb custom_padding=\u00a0\u00bb48px|60px|48px|60px|true|true\u00a0\u00bb custom_padding_tablet=\u00a0\u00bb60px||60px||true|false\u00a0\u00bb custom_padding_phone=\u00a0\u00bb40px||40px|20px|true|false\u00a0\u00bb box_shadow_style=\u00a0\u00bbpreset4&Prime; box_shadow_horizontal=\u00a0\u00bb300px\u00a0\u00bb box_shadow_vertical=\u00a0\u00bb0px\u00a0\u00bb box_shadow_color=\u00a0\u00bb#4C594C\u00a0\u00bb global_colors_info=\u00a0\u00bb{}\u00a0\u00bb][et_pb_column type=\u00a0\u00bb4_4&Prime; _builder_version=\u00a0\u00bb4.14.2&Prime; _module_preset=\u00a0\u00bbdefault\u00a0\u00bb global_colors_info=\u00a0\u00bb{}\u00a0\u00bb][et_pb_text _builder_version=\u00a0\u00bb4.14.2&Prime; _module_preset=\u00a0\u00bb53fac924-1644-4f70-a8a0-435df3cf1c52&Prime; header_font=\u00a0\u00bbOutfit|600|||||||\u00a0\u00bb header_text_align=\u00a0\u00bbcenter\u00a0\u00bb header_text_color=\u00a0\u00bb#FFFFFF\u00a0\u00bb header_font_size=\u00a0\u00bb90px\u00a0\u00bb header_line_height=\u00a0\u00bb1.1em\u00a0\u00bb header_font_size_tablet=\u00a0\u00bb50px\u00a0\u00bb header_font_size_phone=\u00a0\u00bb24px\u00a0\u00bb header_font_size_last_edited=\u00a0\u00bbon|phone\u00a0\u00bb locked=\u00a0\u00bboff\u00a0\u00bb global_colors_info=\u00a0\u00bb{}\u00a0\u00bb]<\/p>\n<h1>On s&rsquo;en parle ?<\/h1>\n<p>[\/et_pb_text][et_pb_button button_text=\u00a0\u00bbContactez-nous\u00a0\u00bb button_alignment=\u00a0\u00bbcenter\u00a0\u00bb _builder_version=\u00a0\u00bb4.14.9&Prime; _module_preset=\u00a0\u00bbbdf23963-464b-4991-88aa-271cf8b45b57&Prime; custom_button=\u00a0\u00bbon\u00a0\u00bb button_text_size=\u00a0\u00bb14px\u00a0\u00bb button_text_color=\u00a0\u00bb#000000&Prime; button_bg_color=\u00a0\u00bb#FFFFFF\u00a0\u00bb button_border_width=\u00a0\u00bb0px\u00a0\u00bb button_border_radius=\u00a0\u00bb0px\u00a0\u00bb button_font=\u00a0\u00bb|700|||||||\u00a0\u00bb custom_padding=\u00a0\u00bb20px|30px|20px|30px|true|true\u00a0\u00bb hover_enabled=\u00a0\u00bb0&Prime; locked=\u00a0\u00bboff\u00a0\u00bb global_colors_info=\u00a0\u00bb{}\u00a0\u00bb button_url=\u00a0\u00bbhttps:\/\/vintech.eu\/index.php\/contact\/\u00a0\u00bb sticky_enabled=\u00a0\u00bb0&Prime;][\/et_pb_button][\/et_pb_column][\/et_pb_row][\/et_pb_section]<\/p>\n","protected":false},"excerpt":{"rendered":"<p>Diagnostic thermique, \u00e9nerg\u00e9tique et techniques tous corps d&rsquo;\u00e9tat&nbsp; Lors d\u2019un projet d\u2019installations ou de r\u00e9novations, nous intervenons pour r\u00e9aliser un diagnostic qui permettra \u00e0 la ma\u00eetrise d\u2019ouvrage d\u2019avoir une vision d\u2019ensemble des \u00e9l\u00e9ments sur la mise en \u0153uvre de travaux. Cela permet de s\u00e9curiser le projet et de vous orienter sur les choix les plus [&hellip;]<\/p>\n","protected":false},"author":1,"featured_media":0,"parent":0,"menu_order":0,"comment_status":"closed","ping_status":"closed","template":"","meta":{"_et_pb_use_builder":"on","_et_pb_old_content":"","_et_gb_content_width":"","_monsterinsights_skip_tracking":false,"_monsterinsights_sitenote_active":false,"_monsterinsights_sitenote_note":"","_monsterinsights_sitenote_category":0,"footnotes":""},"class_list":["post-189","page","type-page","status-publish","hentry"],"_links":{"self":[{"href":"https:\/\/vintech.eu\/index.php\/wp-json\/wp\/v2\/pages\/189","targetHints":{"allow":["GET"]}}],"collection":[{"href":"https:\/\/vintech.eu\/index.php\/wp-json\/wp\/v2\/pages"}],"about":[{"href":"https:\/\/vintech.eu\/index.php\/wp-json\/wp\/v2\/types\/page"}],"author":[{"embeddable":true,"href":"https:\/\/vintech.eu\/index.php\/wp-json\/wp\/v2\/users\/1"}],"replies":[{"embeddable":true,"href":"https:\/\/vintech.eu\/index.php\/wp-json\/wp\/v2\/comments?post=189"}],"version-history":[{"count":7,"href":"https:\/\/vintech.eu\/index.php\/wp-json\/wp\/v2\/pages\/189\/revisions"}],"predecessor-version":[{"id":269,"href":"https:\/\/vintech.eu\/index.php\/wp-json\/wp\/v2\/pages\/189\/revisions\/269"}],"wp:attachment":[{"href":"https:\/\/vintech.eu\/index.php\/wp-json\/wp\/v2\/media?parent=189"}],"curies":[{"name":"wp","href":"https:\/\/api.w.org\/{rel}","templated":true}]}}