{"id":278,"date":"2022-03-17T17:26:18","date_gmt":"2022-03-17T16:26:18","guid":{"rendered":"http:\/\/vintech.eu\/?page_id=278"},"modified":"2022-03-17T17:26:57","modified_gmt":"2022-03-17T16:26:57","slug":"politique-en-matiere-de-cookies","status":"publish","type":"page","link":"https:\/\/vintech.eu\/index.php\/politique-en-matiere-de-cookies\/","title":{"rendered":"Politique en mati\u00e8re de cookies"},"content":{"rendered":"[et_pb_section fb_built=\u00a0\u00bb1&Prime; admin_label=\u00a0\u00bbsection\u00a0\u00bb _builder_version=\u00a0\u00bb3.22&Prime; global_colors_info=\u00a0\u00bb{}\u00a0\u00bb theme_builder_area=\u00a0\u00bbpost_content\u00a0\u00bb][et_pb_row admin_label=\u00a0\u00bbrow\u00a0\u00bb _builder_version=\u00a0\u00bb3.25&Prime; background_size=\u00a0\u00bbinitial\u00a0\u00bb background_position=\u00a0\u00bbtop_left\u00a0\u00bb background_repeat=\u00a0\u00bbrepeat\u00a0\u00bb global_colors_info=\u00a0\u00bb{}\u00a0\u00bb theme_builder_area=\u00a0\u00bbpost_content\u00a0\u00bb][et_pb_column type=\u00a0\u00bb4_4&Prime; _builder_version=\u00a0\u00bb3.25&Prime; custom_padding=\u00a0\u00bb|||\u00a0\u00bb global_colors_info=\u00a0\u00bb{}\u00a0\u00bb custom_padding__hover=\u00a0\u00bb|||\u00a0\u00bb theme_builder_area=\u00a0\u00bbpost_content\u00a0\u00bb][et_pb_text admin_label=\u00a0\u00bbText\u00a0\u00bb _builder_version=\u00a0\u00bb3.27.4&Prime; background_size=\u00a0\u00bbinitial\u00a0\u00bb background_position=\u00a0\u00bbtop_left\u00a0\u00bb background_repeat=\u00a0\u00bbrepeat\u00a0\u00bb global_colors_info=\u00a0\u00bb{}\u00a0\u00bb theme_builder_area=\u00a0\u00bbpost_content\u00a0\u00bb]<div data-packed=\"true\" data-vertical-text=\"false\" class=\"txtNew\" id=\"comp-kkwbod6o\">\n<h1 class=\"font_4\">Politique en mati\u00e8re de cookies<\/h1>\n<p>&nbsp;<\/p>\n<\/div>\n<div data-packed=\"true\" data-vertical-text=\"false\" class=\"txtNew\" id=\"comp-kkwbod6w\">\n<h2 class=\"font_6\"><\/h2>\n<h2 class=\"font_6\"><\/h2>\n<h2 class=\"font_6\">1. Qu&rsquo;est-ce qu&rsquo;un cookie ?<\/h2>\n<\/div>\n<div data-packed=\"true\" data-vertical-text=\"false\" class=\"txtNew\" id=\"comp-kkwbod6x2\">\n<p class=\"font_8\">Un cookie est un petit fichier constitu\u00e9 de lettres et de chiffres et t\u00e9l\u00e9charg\u00e9 sur votre ordinateur lorsque vous acc\u00e9dez \u00e0 certains sites web. En g\u00e9n\u00e9ral, les cookies permettent \u00e0 un site web de reconna\u00eetre l&rsquo;ordinateur de l\u2019utilisateur.<br \/>\u200b<br \/>La chose la plus importante \u00e0 savoir sur les cookies que nous pla\u00e7ons est qu&rsquo;ils servent \u00e0 am\u00e9liorer la convivialit\u00e9 de notre site web, par exemple en m\u00e9morisant les pr\u00e9f\u00e9rences du site et les param\u00e8tres linguistiques.<\/p>\n<p class=\"font_8\"><\/p>\n<p class=\"font_8\"><\/p>\n<\/div>\n<div data-packed=\"true\" data-vertical-text=\"false\" class=\"txtNew\" id=\"comp-kkwbod6z\">\n<h2 class=\"font_6\"><\/h2>\n<h2 class=\"font_6\"><\/h2>\n<h2 class=\"font_6\">2. Pourquoi utilisons-nous des cookies ?<\/h2>\n<\/div>\n<div data-packed=\"true\" data-vertical-text=\"false\" class=\"txtNew\" id=\"comp-kkwbod701\">\n<p class=\"font_8\">Nous pouvons utiliser des cookies et d&rsquo;autres technologies similaires pour un certain nombre de raisons, par exemple : i) pour des besoins de s\u00e9curit\u00e9 ou de protection contre la fraude, et afin d&rsquo;identifier et de pr\u00e9venir les cyber-attaques, ii) pour vous fournir le service que vous avez choisi de recevoir de notre part, iii) pour contr\u00f4ler et analyser les performances, le fonctionnement et l&rsquo;efficacit\u00e9 de notre service et iv) d&rsquo;am\u00e9liorer votre exp\u00e9rience utilisateur.<\/p>\n<p class=\"font_8\"><\/p>\n<p class=\"font_8\"><\/p>\n<\/div>\n<div data-packed=\"true\" data-vertical-text=\"false\" class=\"txtNew\" id=\"comp-kkwbod72\">\n<h2 class=\"font_6\"><\/h2>\n<h2 class=\"font_6\"><\/h2>\n<h2 class=\"font_6\">3. Tableau des cookies :<\/h2>\n<\/div>\n<div data-packed=\"true\" data-vertical-text=\"false\" class=\"txtNew\" id=\"comp-kkwbod73\">\n<p class=\"font_8\">Dans cette section, vous devez mentionner les cookies que vous utilisez sur votre site. Pour plus d&rsquo;informations,<span>\u00a0<\/span><span><a href=\"https:\/\/support.wix.com\/fr\/article\/les-cookies-et-votre-site-wix\" target=\"_blank\" data-content=\"https:\/\/support.wix.com\/fr\/article\/les-cookies-et-votre-site-wix\" data-type=\"external\" rel=\"nofollow noopener\">cliquez ici<\/a><\/span>.<\/p>\n<p class=\"font_8\"><\/p>\n<p class=\"font_8\"><\/p>\n<\/div>\n<div data-packed=\"true\" data-vertical-text=\"false\" class=\"txtNew\" id=\"comp-kkwbod77\">\n<h2 class=\"font_6\"><\/h2>\n<h2 class=\"font_6\"><\/h2>\n<h2 class=\"font_6\">4. Vos choix :<\/h2>\n<\/div>\n<div data-packed=\"true\" data-vertical-text=\"false\" class=\"txtNew\" id=\"comp-kkwbod79\">\n<p class=\"font_8\">Pour en savoir plus sur les cookies, notamment sur la mani\u00e8re de voir quels cookies ont \u00e9t\u00e9 d\u00e9finis et de comprendre comment les g\u00e9rer, les supprimer ou les bloquer, visitez<span>\u00a0<\/span><span><a href=\"https:\/\/aboutcookies.org\/\" target=\"_blank\" data-content=\"https:\/\/aboutcookies.org\/\" data-type=\"external\" rel=\"nofollow noopener\">https:\/\/aboutcookies.org\/<\/a><\/span><span>\u00a0<\/span>ou<span>\u00a0<\/span><span><a href=\"https:\/\/www.allaboutcookies.org\/fr\/\" target=\"_blank\" data-content=\"https:\/\/www.allaboutcookies.org\/fr\/\" data-type=\"external\" rel=\"nofollow noopener\">https:\/\/www.allaboutcookies.org\/fr\/<\/a><\/span>.\u00a0<\/p>\n<p class=\"font_8\">Il est \u00e9galement possible d&#8217;emp\u00eacher votre navigateur d&rsquo;accepter les cookies en modifiant les param\u00e8tres concern\u00e9s dans votre navigateur. Vous pouvez g\u00e9n\u00e9ralement trouver ces param\u00e8tres dans le menu<span>\u00a0<\/span><span>\u00ab\u00a0<\/span>Options\u00a0<span>\u00bb<\/span><span>\u00a0<\/span>ou<span>\u00a0<\/span><span>\u00ab\u00a0<\/span>Pr\u00e9f\u00e9rences\u00a0<span>\u00bb<\/span><span>\u00a0<\/span>de votre navigateur.\u00a0<\/p>\n<p class=\"font_8\">Veuillez noter que la suppression de nos cookies ou la d\u00e9sactivation de futurs cookies ou technologies de suivi pourront vous emp\u00eacher d&rsquo;acc\u00e9der \u00e0 certaines zones ou fonctionnalit\u00e9s de nos services, ou pourront autrement affecter n\u00e9gativement votre exp\u00e9rience d&rsquo;utilisateur.\u00a0<\/p>\n<p class=\"font_8\">Les liens suivants peuvent \u00eatre utiles, ou vous pouvez utiliser l&rsquo;option<span>\u00a0<\/span><span>\u00ab\u00a0<\/span>Aide\u00a0<span>\u00bb<\/span><span>\u00a0<\/span>de votre navigateur.\u00a0<\/p>\n<ul class=\"font_8\">\n<li>\n<p class=\"font_8\"><span><a href=\"https:\/\/support.mozilla.org\/fr\/kb\/protection-renforcee-contre-pistage-firefox-ordinateur?redirectslug=Enabling+and+disabling+cookies&amp;redirectlocale=en-US\" target=\"_blank\" data-content=\"https:\/\/support.mozilla.org\/fr\/kb\/protection-renforcee-contre-pistage-firefox-ordinateur?redirectslug=Enabling+and+disabling+cookies&amp;redirectlocale=en-US\" data-type=\"external\" rel=\"nofollow noopener\">Param\u00e8tres des cookies dans Firefox<\/a><\/span><\/p>\n<\/li>\n<li>\n<p class=\"font_8\"><span><a href=\"https:\/\/support.microsoft.com\/fr-fr\/topic\/supprimer-et-g%C3%A9rer-les-cookies-168dab11-0753-043d-7c16-ede5947fc64d\" target=\"_blank\" data-content=\"https:\/\/support.microsoft.com\/fr-fr\/topic\/supprimer-et-g%C3%A9rer-les-cookies-168dab11-0753-043d-7c16-ede5947fc64d\" data-type=\"external\" rel=\"nofollow noopener\">Param\u00e8tres des cookies dans Internet Explorer<\/a><\/span><\/p>\n<\/li>\n<li>\n<p class=\"font_8\"><span><a href=\"https:\/\/support.google.com\/chrome\/answer\/95647?hl=fr\" target=\"_blank\" data-content=\"https:\/\/support.google.com\/chrome\/answer\/95647?hl=fr\" data-type=\"external\" rel=\"nofollow noopener\">Param\u00e8tres des cookies dans Google Chrome<\/a><\/span><\/p>\n<\/li>\n<li>\n<p class=\"font_8\"><span><a href=\"https:\/\/support.apple.com\/fr-fr\/guide\/safari\/sfri11471\/mac\" target=\"_blank\" data-content=\"https:\/\/support.apple.com\/fr-fr\/guide\/safari\/sfri11471\/mac\" data-type=\"external\" rel=\"nofollow noopener\">Param\u00e8tres des cookies dans Safari (OS\u00a0X)<\/a><\/span><\/p>\n<\/li>\n<li>\n<p class=\"font_8\"><span><a href=\"https:\/\/support.apple.com\/fr-fr\/HT201265\" target=\"_blank\" data-content=\"https:\/\/support.apple.com\/fr-fr\/HT201265\" data-type=\"external\" rel=\"nofollow noopener\">Param\u00e8tres des cookies dans Safari (iOS)<\/a><\/span><\/p>\n<\/li>\n<li>\n<p class=\"font_8\"><span><a href=\"https:\/\/support.google.com\/accounts\/answer\/32050?co=GENIE.Platform%3DAndroid&amp;hl=fr\" target=\"_blank\" data-content=\"https:\/\/support.google.com\/accounts\/answer\/32050?co=GENIE.Platform%3DAndroid&amp;hl=fr\" data-type=\"external\" rel=\"nofollow noopener\">Param\u00e8tres des cookies dans Android<\/a><\/span><br \/>\u200b<\/p>\n<\/li>\n<\/ul>\n<p class=\"font_8\">Pour refuser et emp\u00eacher que vos donn\u00e9es soient utilis\u00e9es par Google Analytics sur tous les sites web, consultez les instructions suivantes\u00a0:\u00a0<span><a href=\"https:\/\/tools.google.com\/dlpage\/gaoptout?hl=fr\" target=\"_blank\" data-content=\"https:\/\/tools.google.com\/dlpage\/gaoptout?hl=fr\" data-type=\"external\" rel=\"nofollow noopener\">https:\/\/tools.google.com\/dlpage\/gaoptout?hl=fr<\/a><\/span>.<\/p>\n<p class=\"font_8\"><span class=\"wixGuard\">\u200b<\/span><\/p>\n<p class=\"font_8\">Il se peut que nous modifiions cette politique en mati\u00e8re de cookies. Nous vous encourageons \u00e0 consulter r\u00e9guli\u00e8rement cette page pour obtenir les derni\u00e8res informations sur les cookies.<\/p>\n<\/div>\n<div data-packed=\"true\" data-vertical-text=\"false\" class=\"txtNew\" id=\"comp-kkwbr9r81\"><\/div>\n<p><\/p>[\/et_pb_text][\/et_pb_column][\/et_pb_row][\/et_pb_section]<!-- \/wp:post-content -->","protected":false},"excerpt":{"rendered":"<p>Politique en mati\u00e8re de cookies &nbsp; 1. Qu&rsquo;est-ce qu&rsquo;un cookie ? Un cookie est un petit fichier constitu\u00e9 de lettres et de chiffres et t\u00e9l\u00e9charg\u00e9 sur votre ordinateur lorsque vous acc\u00e9dez \u00e0 certains sites web. En g\u00e9n\u00e9ral, les cookies permettent \u00e0 un site web de reconna\u00eetre l&rsquo;ordinateur de l\u2019utilisateur.\u200bLa chose la plus importante \u00e0 savoir [&hellip;]<\/p>\n","protected":false},"author":1,"featured_media":0,"parent":0,"menu_order":0,"comment_status":"closed","ping_status":"closed","template":"","meta":{"_et_pb_use_builder":"on","_et_pb_old_content":"","_et_gb_content_width":"","_monsterinsights_skip_tracking":false,"_monsterinsights_sitenote_active":false,"_monsterinsights_sitenote_note":"","_monsterinsights_sitenote_category":0,"footnotes":""},"class_list":["post-278","page","type-page","status-publish","hentry"],"_links":{"self":[{"href":"https:\/\/vintech.eu\/index.php\/wp-json\/wp\/v2\/pages\/278","targetHints":{"allow":["GET"]}}],"collection":[{"href":"https:\/\/vintech.eu\/index.php\/wp-json\/wp\/v2\/pages"}],"about":[{"href":"https:\/\/vintech.eu\/index.php\/wp-json\/wp\/v2\/types\/page"}],"author":[{"embeddable":true,"href":"https:\/\/vintech.eu\/index.php\/wp-json\/wp\/v2\/users\/1"}],"replies":[{"embeddable":true,"href":"https:\/\/vintech.eu\/index.php\/wp-json\/wp\/v2\/comments?post=278"}],"version-history":[{"count":6,"href":"https:\/\/vintech.eu\/index.php\/wp-json\/wp\/v2\/pages\/278\/revisions"}],"predecessor-version":[{"id":285,"href":"https:\/\/vintech.eu\/index.php\/wp-json\/wp\/v2\/pages\/278\/revisions\/285"}],"wp:attachment":[{"href":"https:\/\/vintech.eu\/index.php\/wp-json\/wp\/v2\/media?parent=278"}],"curies":[{"name":"wp","href":"https:\/\/api.w.org\/{rel}","templated":true}]}}