{"id":3,"date":"2021-10-07T21:44:27","date_gmt":"2021-10-07T19:44:27","guid":{"rendered":"http:\/\/vintech.eu\/?page_id=3"},"modified":"2022-03-17T17:24:34","modified_gmt":"2022-03-17T16:24:34","slug":"politique-de-confidentialite","status":"publish","type":"page","link":"https:\/\/vintech.eu\/index.php\/politique-de-confidentialite\/","title":{"rendered":"Politique de confidentialit\u00e9"},"content":{"rendered":"[et_pb_section fb_built=\u00a0\u00bb1&Prime; admin_label=\u00a0\u00bbsection\u00a0\u00bb _builder_version=\u00a0\u00bb3.22&Prime; global_colors_info=\u00a0\u00bb{}\u00a0\u00bb][et_pb_row admin_label=\u00a0\u00bbrow\u00a0\u00bb _builder_version=\u00a0\u00bb3.25&Prime; background_size=\u00a0\u00bbinitial\u00a0\u00bb background_position=\u00a0\u00bbtop_left\u00a0\u00bb background_repeat=\u00a0\u00bbrepeat\u00a0\u00bb global_colors_info=\u00a0\u00bb{}\u00a0\u00bb][et_pb_column type=\u00a0\u00bb4_4&Prime; _builder_version=\u00a0\u00bb3.25&Prime; custom_padding=\u00a0\u00bb|||\u00a0\u00bb global_colors_info=\u00a0\u00bb{}\u00a0\u00bb custom_padding__hover=\u00a0\u00bb|||\u00a0\u00bb][et_pb_text admin_label=\u00a0\u00bbText\u00a0\u00bb _builder_version=\u00a0\u00bb3.27.4&Prime; background_size=\u00a0\u00bbinitial\u00a0\u00bb background_position=\u00a0\u00bbtop_left\u00a0\u00bb background_repeat=\u00a0\u00bbrepeat\u00a0\u00bb global_colors_info=\u00a0\u00bb{}\u00a0\u00bb]<p><span style=\"color: #333333; font-size: 30px;\">Politique de confidentialit\u00e9<\/span><\/p>\n<div data-packed=\"true\" data-vertical-text=\"false\" class=\"txtNew\" id=\"comp-kkwbr9r81\">\n<h3 class=\"font_3\"><\/h3>\n<h3 class=\"font_3\"><\/h3>\n<h3 class=\"font_3\">Introduction<\/h3>\n<h3 class=\"font_3\"><span class=\"wixGuard\">\u200b<\/span><\/h3>\n<p class=\"font_8\">Dans le cadre de son activit\u00e9, la soci\u00e9t\u00e9 Vintech, dont le si\u00e8ge social est situ\u00e9 au <span>3 Rue de Mailly, 69300 Caluire-et-Cuire<\/span>, est amen\u00e9e \u00e0 collecter et \u00e0 traiter des informations dont certaines sont qualifi\u00e9es de \u00ab\u00a0donn\u00e9es personnelles\u00a0\u00bb. Vintech attache une grande importance au respect de la vie priv\u00e9e, et n\u2019utilise que des donnes de mani\u00e8re responsable et confidentielle et dans une finalit\u00e9 pr\u00e9cise.<\/p>\n<p class=\"font_8\"><span class=\"wixGuard\">\u200b<\/span><\/p>\n<h3 class=\"font_3\">Donn\u00e9es personnelles<\/h3>\n<h3 class=\"font_3\"><span class=\"wixGuard\">\u200b<\/span><\/h3>\n<p class=\"font_8\">Sur le site web www.vintech.eu, il y a 2 types de donn\u00e9es susceptibles d\u2019\u00eatre recueillies :<\/p>\n<p class=\"font_8\"><span class=\"wixGuard\">\u200b<\/span><\/p>\n<ul class=\"font_8\">\n<li>\n<p class=\"font_8\">Les donn\u00e9es transmises directement<br \/>Ces donn\u00e9es sont celles que vous nous transmettez directement, via un formulaire de contact ou bien par contact direct par email. Sont obligatoires dans le formulaire de contact le champs \u00ab pr\u00e9nom et nom \u00bb, \u00ab entreprise ou organisation \u00bb et \u00ab email \u00bb.<\/p>\n<\/li>\n<li>\n<p class=\"font_8\">Les donn\u00e9es collect\u00e9es automatiquement<br \/>Lors de vos visites, une fois votre consentement donn\u00e9, nous pouvons recueillir des informations de type \u00ab web analytics \u00bb relatives \u00e0 votre navigation, la dur\u00e9e de votre consultation, votre adresse IP, votre type et version de navigateur. La technologie utilis\u00e9e est le cookie.<\/p>\n<\/li>\n<\/ul>\n<p class=\"font_8\"><span class=\"wixGuard\">\u200b<\/span><\/p>\n<h3 class=\"font_3\">Utilisation des donn\u00e9es<\/h3>\n<h3 class=\"font_3\"><span class=\"wixGuard\">\u200b<\/span><\/h3>\n<p class=\"font_8\">Les donn\u00e9es que vous nous transmettez directement sont utilis\u00e9es dans le but de vous re-contacter et\/ou dans le cadre de la demande que vous nous faites. Les donn\u00e9es \u00ab web analytics \u00bb sont collect\u00e9es de forme anonyme (en enregistrant des adresses IP anonymes) par Google Analytics, et nous permettent de mesurer l&rsquo;audience de notre site web, les consultations et les \u00e9ventuelles erreurs afin d\u2019am\u00e9liorer constamment l\u2019exp\u00e9rience des utilisateurs. Ces donn\u00e9es sont utilis\u00e9es par Mama Chow, responsable du traitement des donn\u00e9es, et ne seront jamais c\u00e9d\u00e9es \u00e0 un tiers ni utilis\u00e9es \u00e0 d\u2019autres fins que celles d\u00e9taill\u00e9es ci-dessus.<\/p>\n<p class=\"font_8\"><span class=\"wixGuard\">\u200b<\/span><\/p>\n<h3 class=\"font_3\">Base l\u00e9gale<\/h3>\n<p class=\"font_8\">Les donn\u00e9es personnelles ne sont collect\u00e9es qu\u2019apr\u00e8s consentement obligatoire de l\u2019utilisateur. Ce consentement est valablement recueilli (boutons et cases \u00e0 cocher), libre, clair et sans \u00e9quivoque.<\/p>\n<p class=\"font_8\"><span class=\"wixGuard\">\u200b<\/span><\/p>\n<h3 class=\"font_3\">Dur\u00e9e de conservation<\/h3>\n<p class=\"font_8\">Les donn\u00e9es seront sauvegard\u00e9es durant une dur\u00e9e maximale de 3 mois.<\/p>\n<p class=\"font_8\"><span class=\"wixGuard\">\u200b<\/span><\/p>\n<h3 class=\"font_3\">Cookies<\/h3>\n<h3 class=\"font_3\"><span class=\"wixGuard\">\u200b<\/span><\/h3>\n<p class=\"font_8\">Voici la liste des cookies utilis\u00e9es et leur objectif :<\/p>\n<ul class=\"font_8\">\n<li>\n<p class=\"font_8\">Cookies Google Analytics (<span><a href=\"https:\/\/developers.google.com\/analytics\/devguides\/collection\/analyticsjs\/cookie-usage\" target=\"_blank\" data-content=\"https:\/\/developers.google.com\/analytics\/devguides\/collection\/analyticsjs\/cookie-usage\" data-type=\"external\" rel=\"nofollow noopener\">liste exhaustive<\/a><\/span>) : Web analytics<\/p>\n<\/li>\n<\/ul>\n<p class=\"font_8\"><span class=\"wixGuard\">\u200b<\/span><\/p>\n<h3 class=\"font_3\">Vos droits concernant les donn\u00e9es personnelles<\/h3>\n<h3 class=\"font_3\"><span class=\"wixGuard\">\u200b<\/span><\/h3>\n<p class=\"font_8\">Vous avez le droit de consultation, demande de modification ou d\u2019effacement sur l\u2019ensemble de vos donn\u00e9es personnelles. Vous pouvez \u00e9galement retirer votre consentement au traitement de vos donn\u00e9es.<\/p>\n<p class=\"font_8\"><span class=\"wixGuard\">\u200b<\/span><\/p>\n<h3 class=\"font_3\">Contact d\u00e9l\u00e9gu\u00e9 \u00e0 la protection des donn\u00e9es<\/h3>\n<p class=\"font_8\"><a data-dtype=\"d3ph\" data-local-attribute=\"d3ph\" jscontroller=\"LWZElb\" href=\"https:\/\/www.google.com\/search?q=vintech&amp;oq=vintech&amp;aqs=chrome..69i57j46i175i199i512j69i59j0i512j69i60l4.4808j0j9&amp;sourceid=chrome&amp;ie=UTF-8#\" jsdata=\"QKGTRc;_;BBdUcI\" jsaction=\"rcuQ6b:npT2md;F75qrd\" data-ved=\"2ahUKEwiFk_qIx832AhUH3IUKHXFgDhQQkAgoAHoECDAQAw\"><span><span aria-label=\"Appeler le 04 78 88 01 31\">Vintech &#8211; 04 78 88 01 31<\/span><\/span><\/a><\/p>\n<\/div>\n<p><\/p>[\/et_pb_text][\/et_pb_column][\/et_pb_row][\/et_pb_section]<!-- \/wp:post-content -->","protected":false},"excerpt":{"rendered":"<p>Politique de confidentialit\u00e9 Introduction \u200b Dans le cadre de son activit\u00e9, la soci\u00e9t\u00e9 Vintech, dont le si\u00e8ge social est situ\u00e9 au 3 Rue de Mailly, 69300 Caluire-et-Cuire, est amen\u00e9e \u00e0 collecter et \u00e0 traiter des informations dont certaines sont qualifi\u00e9es de \u00ab\u00a0donn\u00e9es personnelles\u00a0\u00bb. Vintech attache une grande importance au respect de la vie priv\u00e9e, et [&hellip;]<\/p>\n","protected":false},"author":1,"featured_media":0,"parent":0,"menu_order":0,"comment_status":"closed","ping_status":"closed","template":"","meta":{"_et_pb_use_builder":"on","_et_pb_old_content":"<!-- wp:heading --><h2>Qui sommes-nous\u00a0?<\/h2><!-- \/wp:heading --><!-- wp:paragraph --><p>L\u2019adresse de notre site Web est\u00a0: http:\/\/vintech.eu.<\/p><!-- \/wp:paragraph --><!-- wp:heading --><h2>Utilisation des donn\u00e9es personnelles collect\u00e9es<\/h2><!-- \/wp:heading --><!-- wp:heading {\"level\":3} --><h3>Commentaires<\/h3><!-- \/wp:heading --><!-- wp:paragraph --><p>Quand vous laissez un commentaire sur notre site web, les donn\u00e9es inscrites dans le formulaire de commentaire, mais aussi votre adresse IP et l\u2019agent utilisateur de votre navigateur sont collect\u00e9s pour nous aider \u00e0 la d\u00e9tection des commentaires ind\u00e9sirables.<\/p><!-- \/wp:paragraph --><!-- wp:paragraph --><p>Une cha\u00eene anonymis\u00e9e cr\u00e9\u00e9e \u00e0 partir de votre adresse de messagerie (\u00e9galement appel\u00e9e hash) peut \u00eatre envoy\u00e9e au service Gravatar pour v\u00e9rifier si vous utilisez ce dernier. Les clauses de confidentialit\u00e9 du service Gravatar sont disponibles ici\u00a0: https:\/\/automattic.com\/privacy\/. Apr\u00e8s validation de votre commentaire, votre photo de profil sera visible publiquement \u00e0 cot\u00e9 de votre commentaire.<\/p><!-- \/wp:paragraph --><!-- wp:heading {\"level\":3} --><h3>M\u00e9dias<\/h3><!-- \/wp:heading --><!-- wp:paragraph --><p>Si vous \u00eates un utilisateur ou une utilisatrice enregistr\u00e9\u00b7e et que vous t\u00e9l\u00e9versez des images sur le site web, nous vous conseillons d\u2019\u00e9viter de t\u00e9l\u00e9verser des images contenant des donn\u00e9es EXIF de coordonn\u00e9es GPS. Les visiteurs de votre site web peuvent t\u00e9l\u00e9charger et extraire des donn\u00e9es de localisation depuis ces images.<\/p><!-- \/wp:paragraph --><!-- wp:heading {\"level\":3} --><h3>Formulaires de contact<\/h3><!-- \/wp:heading --><!-- wp:heading {\"level\":3} --><h3>Cookies<\/h3><!-- \/wp:heading --><!-- wp:paragraph --><p>Si vous d\u00e9posez un commentaire sur notre site, il vous sera propos\u00e9 d\u2019enregistrer votre nom, adresse de messagerie et site web dans des cookies. C\u2019est uniquement pour votre confort afin de ne pas avoir \u00e0 saisir ces informations si vous d\u00e9posez un autre commentaire plus tard. Ces cookies expirent au bout d\u2019un an.<\/p><!-- \/wp:paragraph --><!-- wp:paragraph --><p>Si vous vous rendez sur la page de connexion, un cookie temporaire sera cr\u00e9\u00e9 afin de d\u00e9terminer si votre navigateur accepte les cookies. Il ne contient pas de donn\u00e9es personnelles et sera supprim\u00e9 automatiquement \u00e0 la fermeture de votre navigateur.<\/p><!-- \/wp:paragraph --><!-- wp:paragraph --><p>Lorsque vous vous connecterez, nous mettrons en place un certain nombre de cookies pour enregistrer vos informations de connexion et vos pr\u00e9f\u00e9rences d\u2019\u00e9cran. La dur\u00e9e de vie d\u2019un cookie de connexion est de deux jours, celle d\u2019un cookie d\u2019option d\u2019\u00e9cran est d\u2019un an. Si vous cochez \u00ab\u00a0Se souvenir de moi\u00a0\u00bb, votre cookie de connexion sera conserv\u00e9 pendant deux semaines. Si vous vous d\u00e9connectez de votre compte, le cookie de connexion sera effac\u00e9.<\/p><!-- \/wp:paragraph --><!-- wp:paragraph --><p>En modifiant ou en publiant une publication, un cookie suppl\u00e9mentaire sera enregistr\u00e9 dans votre navigateur. Ce cookie ne comprend aucune donn\u00e9e personnelle. Il indique simplement l\u2019ID de la publication que vous venez de modifier. Il expire au bout d\u2019un jour.<\/p><!-- \/wp:paragraph --><!-- wp:heading {\"level\":3} --><h3>Contenu embarqu\u00e9 depuis d\u2019autres sites<\/h3><!-- \/wp:heading --><!-- wp:paragraph --><p>Les articles de ce site peuvent inclure des contenus int\u00e9gr\u00e9s (par exemple des vid\u00e9os, images, articles\u2026). Le contenu int\u00e9gr\u00e9 depuis d\u2019autres sites se comporte de la m\u00eame mani\u00e8re que si le visiteur se rendait sur cet autre site.<\/p><!-- \/wp:paragraph --><!-- wp:paragraph --><p>Ces sites web pourraient collecter des donn\u00e9es sur vous, utiliser des cookies, embarquer des outils de suivis tiers, suivre vos interactions avec ces contenus embarqu\u00e9s si vous disposez d\u2019un compte connect\u00e9 sur leur site web.<\/p><!-- \/wp:paragraph --><!-- wp:heading {\"level\":3} --><h3>Statistiques et mesures d\u2019audience<\/h3><!-- \/wp:heading --><!-- wp:heading --><h2>Utilisation et transmission de vos donn\u00e9es personnelles<\/h2><!-- \/wp:heading --><!-- wp:heading --><h2>Dur\u00e9es de stockage de vos donn\u00e9es<\/h2><!-- \/wp:heading --><!-- wp:paragraph --><p>Si vous laissez un commentaire, le commentaire et ses m\u00e9tadonn\u00e9es sont conserv\u00e9s ind\u00e9finiment. Cela permet de reconna\u00eetre et approuver automatiquement les commentaires suivants au lieu de les laisser dans la file de mod\u00e9ration.<\/p><!-- \/wp:paragraph --><!-- wp:paragraph --><p>Pour les utilisateurs et utilisatrices qui s\u2019inscrivent sur notre site (si cela est possible), nous stockons \u00e9galement les donn\u00e9es personnelles indiqu\u00e9es dans leur profil. Tous les utilisateurs et utilisatrices peuvent voir, modifier ou supprimer leurs informations personnelles \u00e0 tout moment (\u00e0 l\u2019exception de leur nom d\u2019utilisateur\u00b7ice). Les gestionnaires du site peuvent aussi voir et modifier ces informations.<\/p><!-- \/wp:paragraph --><!-- wp:heading --><h2>Les droits que vous avez sur vos donn\u00e9es<\/h2><!-- \/wp:heading --><!-- wp:paragraph --><p>Si vous avez un compte ou si vous avez laiss\u00e9 des commentaires sur le site, vous pouvez demander \u00e0 recevoir un fichier contenant toutes les donn\u00e9es personnelles que nous poss\u00e9dons \u00e0 votre sujet, incluant celles que vous nous avez fournies. Vous pouvez \u00e9galement demander la suppression des donn\u00e9es personnelles vous concernant. Cela ne prend pas en compte les donn\u00e9es stock\u00e9es \u00e0 des fins administratives, l\u00e9gales ou pour des raisons de s\u00e9curit\u00e9.<\/p><!-- \/wp:paragraph --><!-- wp:heading --><h2>Transmission de vos donn\u00e9es personnelles<\/h2><!-- \/wp:heading --><!-- wp:paragraph --><p>Les commentaires des visiteurs peuvent \u00eatre v\u00e9rifi\u00e9s \u00e0 l\u2019aide d\u2019un service automatis\u00e9 de d\u00e9tection des commentaires ind\u00e9sirables.<\/p><!-- \/wp:paragraph --><!-- wp:heading --><h2>Informations de contact<\/h2><!-- \/wp:heading --><!-- wp:heading --><h2>Informations suppl\u00e9mentaires<\/h2><!-- \/wp:heading --><!-- wp:heading {\"level\":3} --><h3>Comment nous prot\u00e9geons vos donn\u00e9es<\/h3><!-- \/wp:heading --><!-- wp:heading {\"level\":3} --><h3>Proc\u00e9dures mises en \u0153uvre en cas de fuite de donn\u00e9es<\/h3><!-- \/wp:heading --><!-- wp:heading {\"level\":3} --><h3>Les services tiers qui nous transmettent des donn\u00e9es<\/h3><!-- \/wp:heading --><!-- wp:heading {\"level\":3} --><h3>Op\u00e9rations de marketing automatis\u00e9 et\/ou de profilage r\u00e9alis\u00e9es \u00e0 l\u2019aide des donn\u00e9es personnelles<\/h3><!-- \/wp:heading --><!-- wp:heading {\"level\":3} --><h3>Affichage des informations li\u00e9es aux secteurs soumis \u00e0 des r\u00e9gulations sp\u00e9cifiques<\/h3><!-- \/wp:heading -->","_et_gb_content_width":"","_monsterinsights_skip_tracking":false,"_monsterinsights_sitenote_active":false,"_monsterinsights_sitenote_note":"","_monsterinsights_sitenote_category":0,"footnotes":""},"class_list":["post-3","page","type-page","status-publish","hentry"],"_links":{"self":[{"href":"https:\/\/vintech.eu\/index.php\/wp-json\/wp\/v2\/pages\/3","targetHints":{"allow":["GET"]}}],"collection":[{"href":"https:\/\/vintech.eu\/index.php\/wp-json\/wp\/v2\/pages"}],"about":[{"href":"https:\/\/vintech.eu\/index.php\/wp-json\/wp\/v2\/types\/page"}],"author":[{"embeddable":true,"href":"https:\/\/vintech.eu\/index.php\/wp-json\/wp\/v2\/users\/1"}],"replies":[{"embeddable":true,"href":"https:\/\/vintech.eu\/index.php\/wp-json\/wp\/v2\/comments?post=3"}],"version-history":[{"count":2,"href":"https:\/\/vintech.eu\/index.php\/wp-json\/wp\/v2\/pages\/3\/revisions"}],"predecessor-version":[{"id":277,"href":"https:\/\/vintech.eu\/index.php\/wp-json\/wp\/v2\/pages\/3\/revisions\/277"}],"wp:attachment":[{"href":"https:\/\/vintech.eu\/index.php\/wp-json\/wp\/v2\/media?parent=3"}],"curies":[{"name":"wp","href":"https:\/\/api.w.org\/{rel}","templated":true}]}}